{"id":968,"date":"2023-07-30T17:08:10","date_gmt":"2023-07-30T17:08:10","guid":{"rendered":"https:\/\/nicesport.cl\/tienda\/?post_type=product&#038;p=968"},"modified":"2024-12-29T15:49:46","modified_gmt":"2024-12-29T15:49:46","slug":"ticket-entrenamiento-runner","status":"publish","type":"product","link":"https:\/\/nicesport.cl\/tienda\/index.php\/product\/ticket-entrenamiento-runner\/","title":{"rendered":"Ticket Entrenamiento Runner"},"content":{"rendered":"<p>Pago sesi\u00f3n de entrenamiento presencial., en el caso que sea frecuente mensualmente deber\u00e1 pagar aparte la membres\u00eda anual (28mil)<\/p>\n","protected":false},"excerpt":{"rendered":"<p>Pago sesi\u00f3n de entrenamiento presencial., en el caso que sea frecuente mensualmente deber\u00e1 pagar aparte la membres\u00eda anual (28mil)<\/p>\n","protected":false},"featured_media":969,"comment_status":"open","ping_status":"closed","template":"","meta":[],"product_cat":[35],"product_tag":[],"_links":{"self":[{"href":"https:\/\/nicesport.cl\/tienda\/index.php\/wp-json\/wp\/v2\/product\/968"}],"collection":[{"href":"https:\/\/nicesport.cl\/tienda\/index.php\/wp-json\/wp\/v2\/product"}],"about":[{"href":"https:\/\/nicesport.cl\/tienda\/index.php\/wp-json\/wp\/v2\/types\/product"}],"replies":[{"embeddable":true,"href":"https:\/\/nicesport.cl\/tienda\/index.php\/wp-json\/wp\/v2\/comments?post=968"}],"wp:featuredmedia":[{"embeddable":true,"href":"https:\/\/nicesport.cl\/tienda\/index.php\/wp-json\/wp\/v2\/media\/969"}],"wp:attachment":[{"href":"https:\/\/nicesport.cl\/tienda\/index.php\/wp-json\/wp\/v2\/media?parent=968"}],"wp:term":[{"taxonomy":"product_cat","embeddable":true,"href":"https:\/\/nicesport.cl\/tienda\/index.php\/wp-json\/wp\/v2\/product_cat?post=968"},{"taxonomy":"product_tag","embeddable":true,"href":"https:\/\/nicesport.cl\/tienda\/index.php\/wp-json\/wp\/v2\/product_tag?post=968"}],"curies":[{"name":"wp","href":"https:\/\/api.w.org\/{rel}","templated":true}]}}