{"id":802,"date":"2022-12-30T18:35:38","date_gmt":"2022-12-30T18:35:38","guid":{"rendered":"https:\/\/nicesport.cl\/tienda\/?post_type=product&#038;p=802"},"modified":"2022-12-30T18:35:39","modified_gmt":"2022-12-30T18:35:39","slug":"plan-entrenamiento-funcional-semestral","status":"publish","type":"product","link":"https:\/\/nicesport.cl\/tienda\/index.php\/product\/plan-entrenamiento-funcional-semestral\/","title":{"rendered":"Plan Entrenamiento Funcional Semestral"},"content":{"rendered":"<p>Entrenamiento Preparaci\u00f3n F\u00edsica.<\/p>\n<p>Son 2 sesiones Lunes y Mi\u00e9rcoles 19:15 P.m Parque Villa Los Presidentes \u00d1u\u00f1oa.<\/p>\n<p>Focalizados en :<\/p>\n<p>*Prevenci\u00f3n de Lesiones, Forma deportiva general, T\u00e9cnica deportiva y Fuerza en deportes de resistencia.<\/p>\n","protected":false},"excerpt":{"rendered":"<p>Entrenamiento Preparaci\u00f3n F\u00edsica. Son 2 sesiones Lunes y Mi\u00e9rcoles 19:15 P.m Parque Villa Los Presidentes \u00d1u\u00f1oa. Focalizados en : *Prevenci\u00f3n de Lesiones, Forma deportiva general, T\u00e9cnica deportiva y Fuerza en deportes de resistencia.<\/p>\n","protected":false},"featured_media":803,"comment_status":"open","ping_status":"closed","template":"","meta":[],"product_cat":[33],"product_tag":[],"_links":{"self":[{"href":"https:\/\/nicesport.cl\/tienda\/index.php\/wp-json\/wp\/v2\/product\/802"}],"collection":[{"href":"https:\/\/nicesport.cl\/tienda\/index.php\/wp-json\/wp\/v2\/product"}],"about":[{"href":"https:\/\/nicesport.cl\/tienda\/index.php\/wp-json\/wp\/v2\/types\/product"}],"replies":[{"embeddable":true,"href":"https:\/\/nicesport.cl\/tienda\/index.php\/wp-json\/wp\/v2\/comments?post=802"}],"wp:featuredmedia":[{"embeddable":true,"href":"https:\/\/nicesport.cl\/tienda\/index.php\/wp-json\/wp\/v2\/media\/803"}],"wp:attachment":[{"href":"https:\/\/nicesport.cl\/tienda\/index.php\/wp-json\/wp\/v2\/media?parent=802"}],"wp:term":[{"taxonomy":"product_cat","embeddable":true,"href":"https:\/\/nicesport.cl\/tienda\/index.php\/wp-json\/wp\/v2\/product_cat?post=802"},{"taxonomy":"product_tag","embeddable":true,"href":"https:\/\/nicesport.cl\/tienda\/index.php\/wp-json\/wp\/v2\/product_tag?post=802"}],"curies":[{"name":"wp","href":"https:\/\/api.w.org\/{rel}","templated":true}]}}