{"id":788,"date":"2022-12-30T17:19:54","date_gmt":"2022-12-30T17:19:54","guid":{"rendered":"https:\/\/nicesport.cl\/tienda\/?post_type=product&#038;p=788"},"modified":"2026-01-02T02:46:29","modified_gmt":"2026-01-02T02:46:29","slug":"matricula-anual-ciclismo-2026","status":"publish","type":"product","link":"https:\/\/nicesport.cl\/tienda\/index.php\/product\/matricula-anual-ciclismo-2026\/","title":{"rendered":"Matricula Ciclismo 2026"},"content":{"rendered":"<p>Membres\u00eda Anual,<\/p>\n<p>Duraci\u00f3n: 1 a\u00f1o dentro del 2026<\/p>\n<p>&nbsp;<\/p>\n<p>&nbsp;<\/p>\n","protected":false},"excerpt":{"rendered":"<p>Membres\u00eda Anual, Duraci\u00f3n: 1 a\u00f1o dentro del 2026 &nbsp; &nbsp;<\/p>\n","protected":false},"featured_media":759,"comment_status":"open","ping_status":"closed","template":"","meta":[],"product_cat":[29],"product_tag":[],"_links":{"self":[{"href":"https:\/\/nicesport.cl\/tienda\/index.php\/wp-json\/wp\/v2\/product\/788"}],"collection":[{"href":"https:\/\/nicesport.cl\/tienda\/index.php\/wp-json\/wp\/v2\/product"}],"about":[{"href":"https:\/\/nicesport.cl\/tienda\/index.php\/wp-json\/wp\/v2\/types\/product"}],"replies":[{"embeddable":true,"href":"https:\/\/nicesport.cl\/tienda\/index.php\/wp-json\/wp\/v2\/comments?post=788"}],"wp:featuredmedia":[{"embeddable":true,"href":"https:\/\/nicesport.cl\/tienda\/index.php\/wp-json\/wp\/v2\/media\/759"}],"wp:attachment":[{"href":"https:\/\/nicesport.cl\/tienda\/index.php\/wp-json\/wp\/v2\/media?parent=788"}],"wp:term":[{"taxonomy":"product_cat","embeddable":true,"href":"https:\/\/nicesport.cl\/tienda\/index.php\/wp-json\/wp\/v2\/product_cat?post=788"},{"taxonomy":"product_tag","embeddable":true,"href":"https:\/\/nicesport.cl\/tienda\/index.php\/wp-json\/wp\/v2\/product_tag?post=788"}],"curies":[{"name":"wp","href":"https:\/\/api.w.org\/{rel}","templated":true}]}}