{"id":762,"date":"2022-12-30T13:42:37","date_gmt":"2022-12-30T13:42:37","guid":{"rendered":"https:\/\/nicesport.cl\/tienda\/?post_type=product&#038;p=762"},"modified":"2026-01-21T19:11:45","modified_gmt":"2026-01-21T19:11:45","slug":"matricula-natacion-anual","status":"publish","type":"product","link":"https:\/\/nicesport.cl\/tienda\/index.php\/product\/matricula-natacion-anual\/","title":{"rendered":"Adhesi\u00f3n Nataci\u00f3n Anual 2026"},"content":{"rendered":"<ul>\n<li>REQUISITO PARA CUALQUIER PLAN DE NATACI\u00d3N Membres\u00eda anual 2026: $28.000..-Beneficios: cambio de sede dentro del mes y recuperar sesiones en otros horarios dentro del mes (seg\u00fan previa disponibilidad), participar en eventos como equipo, convenios con marcas, servicios, eventos como nicesport.<\/li>\n<li>\n<table border=\"0\" width=\"488\" cellspacing=\"0\" cellpadding=\"0\">\n<colgroup>\n<col width=\"108\" \/>\n<col width=\"95\" \/>\n<col span=\"3\" width=\"95\" \/><\/colgroup>\n<tbody>\n<tr>\n<td class=\"xl96\" width=\"108\" height=\"31\"><\/td>\n<td class=\"xl79\" colspan=\"4\" width=\"380\">VALORIZACI\u00d3N DE\u00a0 PLANES NATACION 2026<\/td>\n<\/tr>\n<tr>\n<td class=\"xl97\" height=\"29\"><\/td>\n<td class=\"xl76\">MENSUAL<\/td>\n<td class=\"xl77\">TRIMESTRAL<\/td>\n<td class=\"xl77\">SEMESTRAL<\/td>\n<td class=\"xl78\">ANUAL<\/td>\n<\/tr>\n<tr>\n<td class=\"xl75\" height=\"21\">DIAS X SEMANA<\/td>\n<td class=\"xl93\" colspan=\"4\">INDICADORES\u00a0 MENSUALES<\/td>\n<\/tr>\n<tr>\n<td class=\"xl67\" height=\"43\">1<\/td>\n<td class=\"xl68\">$60.000<\/td>\n<td class=\"xl68\">$57.000<\/td>\n<td class=\"xl68\">$54.000<\/td>\n<td class=\"xl69\">$51.000<\/td>\n<\/tr>\n<tr>\n<td class=\"xl67\" height=\"43\">2<\/td>\n<td class=\"xl68\">$70.000<\/td>\n<td class=\"xl68\">$66.500<\/td>\n<td class=\"xl68\">$63.000<\/td>\n<td class=\"xl69\">$59.500<\/td>\n<\/tr>\n<tr>\n<td class=\"xl67\" height=\"43\">3<\/td>\n<td class=\"xl68\">$80.000<\/td>\n<td class=\"xl68\">$76.000<\/td>\n<td class=\"xl68\">$72.000<\/td>\n<td class=\"xl69\">$68.000<\/td>\n<\/tr>\n<tr>\n<td class=\"xl67\" height=\"43\">4<\/td>\n<td class=\"xl68\">$90.000<\/td>\n<td class=\"xl68\">$85.500<\/td>\n<td class=\"xl68\">$81.000<\/td>\n<td class=\"xl69\">$76.500<\/td>\n<\/tr>\n<tr>\n<td class=\"xl66\" height=\"63\">1<\/td>\n<td class=\"xl82\" colspan=\"4\" rowspan=\"3\" width=\"380\">Beneficio de Nadar opcionalmente\u00a0 en el estadio nacional contratando cualquier plan de nataci\u00f3n\u00a0 NICESPORT en piscina U.central respetando el n\u00famero de sesiones contratadas por semana.<\/td>\n<\/tr>\n<tr>\n<td class=\"xl91\" rowspan=\"2\" height=\"65\">2<\/td>\n<\/tr>\n<tr>\n<td class=\"xl67\" height=\"43\"><\/td>\n<td class=\"xl68\"><\/td>\n<td class=\"xl68\"><\/td>\n<td class=\"xl68\"><\/td>\n<td class=\"xl69\"><\/td>\n<\/tr>\n<tr>\n<td class=\"xl67\" height=\"43\">2<\/td>\n<td class=\"xl68\">$70.000<\/td>\n<td class=\"xl68\">$66.500<\/td>\n<td class=\"xl68\">$63.000<\/td>\n<td class=\"xl69\">$59.500<\/td>\n<\/tr>\n<tr>\n<td class=\"xl67\" height=\"43\">3<\/td>\n<td class=\"xl68\">$80.000<\/td>\n<td class=\"xl68\">$76.000<\/td>\n<td class=\"xl68\">$72.000<\/td>\n<td class=\"xl69\">$68.000<\/td>\n<\/tr>\n<tr>\n<td class=\"xl70\" height=\"43\">4<\/td>\n<td class=\"xl71\">$90.000<\/td>\n<td class=\"xl71\">$85.500<\/td>\n<td class=\"xl71\">$81.000<\/td>\n<td class=\"xl72\">$76.500<\/td>\n<\/tr>\n<\/tbody>\n<\/table>\n<\/li>\n<\/ul>\n<table border=\"0\" width=\"609\" cellspacing=\"0\" cellpadding=\"0\">\n<colgroup>\n<col width=\"115\" \/>\n<col width=\"100\" \/>\n<col width=\"151\" \/>\n<col width=\"108\" \/>\n<col width=\"135\" \/><\/colgroup>\n<tbody>\n<tr>\n<td class=\"xl91\" colspan=\"5\" rowspan=\"2\" width=\"609\" height=\"60\">SEDES <span class=\"font7\">Entrenamientos\u00a0 y Clases de Nataci\u00f3n, <\/span><span class=\"font6\">NS NICESPORT 2025.<\/span><\/td>\n<\/tr>\n<tr>\n<td class=\"xl89\" height=\"21\">LUGAR<\/td>\n<td class=\"xl90\">PISCINA<\/td>\n<td class=\"xl90\">DIAS<\/td>\n<td class=\"xl90\">HORARIOS<\/td>\n<td class=\"xl109\">\u00a0ADMISI\u00d3N 2025<\/td>\n<\/tr>\n<tr>\n<td class=\"xl95\" rowspan=\"4\" width=\"115\" height=\"172\">***CLUB SUIZO Dubl\u00e9 Almeyda 2191, Metro \u00d1u\u00f1oa L3-L6<\/td>\n<td class=\"xl97\" rowspan=\"4\" width=\"100\">Piscina 25m Temperada, Descubierta en Verano, Domo Invierno.<\/td>\n<td class=\"xl69\" width=\"151\">Lu &#8211; Mi &#8211; VI\u00a0 (AM) .<\/td>\n<td class=\"xl69\" width=\"108\">7:00 A 8:00<\/td>\n<td class=\"xl110\" rowspan=\"3\">$28.000<\/td>\n<\/tr>\n<tr>\n<td class=\"xl87\" width=\"151\" height=\"43\">Lu &#8211; Mi\u00a0 (PM) <span class=\"font5\">*\u00a0\u00a0\u00a0\u00a0\u00a0 <\/span><span class=\"font0\">\u00a0\u00a0\u00a0\u00a0\u00a0\u00a0\u00a0\u00a0\u00a0\u00a0\u00a0\u00a0\u00a0\u00a0\u00a0\u00a0\u00a0\u00a0\u00a0\u00a0\u00a0\u00a0\u00a0\u00a0\u00a0\u00a0\u00a0\u00a0\u00a0\u00a0\u00a0\u00a0\u00a0\u00a0\u00a0\u00a0\u00a0\u00a0\u00a0\u00a0\u00a0\u00a0\u00a0\u00a0\u00a0\u00a0\u00a0\u00a0\u00a0\u00a0\u00a0\u00a0\u00a0\u00a0\u00a0\u00a0\u00a0\u00a0\u00a0\u00a0\u00a0\u00a0\u00a0\u00a0\u00a0\u00a0\u00a0\u00a0\u00a0\u00a0\u00a0\u00a0\u00a0\u00a0\u00a0\u00a0\u00a0\u00a0\u00a0\u00a0\u00a0\u00a0\u00a0\u00a0\u00a0\u00a0\u00a0\u00a0\u00a0\u00a0\u00a0\u00a0\u00a0\u00a0\u00a0\u00a0\u00a0\u00a0\u00a0\u00a0\u00a0\u00a0\u00a0\u00a0\u00a0\u00a0\u00a0\u00a0\u00a0\u00a0\u00a0\u00a0\u00a0\u00a0\u00a0\u00a0\u00a0\u00a0\u00a0\u00a0\u00a0\u00a0\u00a0\u00a0\u00a0\u00a0\u00a0\u00a0\u00a0\u00a0\u00a0\u00a0\u00a0\u00a0\u00a0\u00a0\u00a0\u00a0\u00a0\u00a0\u00a0\u00a0\u00a0\u00a0\u00a0\u00a0\u00a0\u00a0\u00a0\u00a0\u00a0\u00a0\u00a0\u00a0\u00a0\u00a0\u00a0\u00a0\u00a0\u00a0\u00a0\u00a0\u00a0\u00a0\u00a0\u00a0\u00a0\u00a0\u00a0\u00a0\u00a0\u00a0\u00a0\u00a0\u00a0\u00a0\u00a0\u00a0\u00a0\u00a0\u00a0\u00a0\u00a0\u00a0\u00a0\u00a0\u00a0\u00a0\u00a0\u00a0\u00a0\u00a0\u00a0\u00a0\u00a0\u00a0\u00a0\u00a0\u00a0\u00a0\u00a0\u00a0\u00a0\u00a0\u00a0\u00a0\u00a0\u00a0\u00a0\u00a0\u00a0\u00a0\u00a0\u00a0\u00a0\u00a0\u00a0\u00a0\u00a0\u00a0\u00a0\u00a0\u00a0\u00a0\u00a0\u00a0\u00a0\u00a0\u00a0\u00a0\u00a0\u00a0\u00a0\u00a0\u00a0\u00a0\u00a0\u00a0\u00a0\u00a0\u00a0\u00a0\u00a0\u00a0\u00a0\u00a0\u00a0\u00a0\u00a0\u00a0\u00a0\u00a0\u00a0\u00a0\u00a0\u00a0\u00a0\u00a0\u00a0\u00a0\u00a0\u00a0\u00a0\u00a0\u00a0\u00a0\u00a0\u00a0\u00a0\u00a0\u00a0\u00a0\u00a0\u00a0\u00a0\u00a0\u00a0\u00a0\u00a0\u00a0\u00a0\u00a0\u00a0\u00a0\u00a0\u00a0\u00a0\u00a0\u00a0\u00a0\u00a0\u00a0\u00a0\u00a0\u00a0\u00a0\u00a0\u00a0\u00a0\u00a0\u00a0\u00a0\u00a0\u00a0\u00a0\u00a0\u00a0\u00a0\u00a0\u00a0\u00a0\u00a0\u00a0\u00a0\u00a0\u00a0\u00a0\u00a0\u00a0\u00a0\u00a0\u00a0\u00a0\u00a0\u00a0\u00a0\u00a0\u00a0\u00a0\u00a0\u00a0\u00a0\u00a0\u00a0\u00a0\u00a0\u00a0\u00a0\u00a0<\/span><\/td>\n<td class=\"xl70\" width=\"108\">\u00a0\u00a0\u00a0 20:00 A 21:00<\/td>\n<\/tr>\n<tr>\n<td class=\"xl71\" height=\"43\">VI (PM).<span class=\"font5\">*<\/span><\/td>\n<td class=\"xl71\">\u00a0\u00a0\u00a0 19:00 A 20:00<\/td>\n<\/tr>\n<tr>\n<td class=\"xl73\" height=\"43\">Inicio Enero 2025.<\/td>\n<td class=\"xl72\"><\/td>\n<td class=\"xl112\"><\/td>\n<\/tr>\n<tr>\n<td class=\"xl99\" rowspan=\"3\" width=\"115\" height=\"128\">ESTADIO NACIONAL, Av. Grecia 2001, Metro Estadio Nacional L6<\/td>\n<td class=\"xl102\" rowspan=\"3\" width=\"100\">Piscina 50m Temperada.<\/td>\n<td class=\"xl68\"><\/td>\n<td class=\"xl67\"><\/td>\n<td class=\"xl113\"><\/td>\n<\/tr>\n<tr>\n<td class=\"xl88\" width=\"151\" height=\"36\">Lu &#8211; Mi\u00a0 (PM) .<\/td>\n<td class=\"xl66\">14:00 A 15:00<\/td>\n<td class=\"xl114\" width=\"135\">$40.000.-\u00a0 ( Licencia triatleta federado)<\/td>\n<\/tr>\n<tr>\n<td class=\"xl75\" height=\"29\">Inicio Enero 2025.<\/td>\n<td class=\"xl65\"><\/td>\n<td class=\"xl115\"><\/td>\n<\/tr>\n<tr>\n<td class=\"xl95\" rowspan=\"4\" width=\"115\" height=\"172\">**U. CENTRAL Av. Sta. Isabel 1148, Metro Parque Almagro L3<\/td>\n<td class=\"xl97\" rowspan=\"4\" width=\"100\">Piscina 25m Temperada, Cubierta.<\/td>\n<td class=\"xl69\" width=\"151\">Ma &#8211; Mi &#8211; Ju &#8211; VI\u00a0 (AM)*<\/td>\n<td class=\"xl69\" width=\"108\">7:00 A 8:00<\/td>\n<td class=\"xl116\" rowspan=\"3\">$28.000<\/td>\n<\/tr>\n<tr>\n<td class=\"xl87\" width=\"151\" height=\"43\">Lu &#8211; Mi &#8211; Vi (PM) <span class=\"font5\">*\u00a0\u00a0\u00a0\u00a0\u00a0 <\/span><span class=\"font0\">\u00a0\u00a0\u00a0\u00a0\u00a0\u00a0\u00a0\u00a0\u00a0\u00a0\u00a0\u00a0\u00a0\u00a0\u00a0\u00a0\u00a0\u00a0\u00a0\u00a0\u00a0\u00a0\u00a0\u00a0\u00a0\u00a0\u00a0\u00a0\u00a0\u00a0\u00a0\u00a0\u00a0\u00a0\u00a0\u00a0\u00a0\u00a0\u00a0\u00a0\u00a0\u00a0\u00a0\u00a0\u00a0\u00a0\u00a0\u00a0\u00a0\u00a0\u00a0\u00a0\u00a0\u00a0\u00a0\u00a0\u00a0\u00a0\u00a0\u00a0\u00a0\u00a0\u00a0\u00a0\u00a0\u00a0\u00a0\u00a0\u00a0\u00a0\u00a0\u00a0\u00a0\u00a0\u00a0\u00a0\u00a0\u00a0\u00a0\u00a0\u00a0\u00a0\u00a0\u00a0\u00a0\u00a0\u00a0\u00a0\u00a0\u00a0\u00a0\u00a0\u00a0\u00a0\u00a0\u00a0\u00a0\u00a0\u00a0\u00a0\u00a0\u00a0\u00a0\u00a0\u00a0\u00a0\u00a0\u00a0\u00a0\u00a0\u00a0\u00a0\u00a0\u00a0\u00a0\u00a0\u00a0\u00a0\u00a0\u00a0\u00a0\u00a0\u00a0\u00a0\u00a0\u00a0\u00a0\u00a0\u00a0\u00a0\u00a0\u00a0\u00a0\u00a0\u00a0\u00a0\u00a0\u00a0\u00a0\u00a0\u00a0\u00a0\u00a0\u00a0\u00a0\u00a0\u00a0\u00a0\u00a0\u00a0\u00a0\u00a0\u00a0\u00a0\u00a0\u00a0\u00a0\u00a0\u00a0\u00a0\u00a0\u00a0\u00a0\u00a0\u00a0\u00a0\u00a0\u00a0\u00a0\u00a0\u00a0\u00a0\u00a0\u00a0\u00a0\u00a0\u00a0\u00a0\u00a0\u00a0\u00a0\u00a0\u00a0\u00a0\u00a0\u00a0\u00a0\u00a0\u00a0\u00a0\u00a0\u00a0\u00a0\u00a0\u00a0\u00a0\u00a0\u00a0\u00a0\u00a0\u00a0\u00a0\u00a0\u00a0\u00a0\u00a0\u00a0\u00a0\u00a0\u00a0\u00a0\u00a0\u00a0\u00a0\u00a0\u00a0\u00a0\u00a0\u00a0\u00a0\u00a0\u00a0\u00a0\u00a0\u00a0\u00a0\u00a0\u00a0\u00a0\u00a0\u00a0\u00a0\u00a0\u00a0\u00a0\u00a0\u00a0\u00a0\u00a0\u00a0\u00a0\u00a0\u00a0\u00a0\u00a0\u00a0\u00a0\u00a0\u00a0\u00a0\u00a0\u00a0\u00a0\u00a0\u00a0\u00a0\u00a0\u00a0\u00a0\u00a0\u00a0\u00a0\u00a0\u00a0\u00a0\u00a0\u00a0\u00a0\u00a0\u00a0\u00a0\u00a0\u00a0\u00a0\u00a0\u00a0\u00a0\u00a0\u00a0\u00a0\u00a0\u00a0\u00a0\u00a0\u00a0\u00a0\u00a0\u00a0\u00a0\u00a0\u00a0\u00a0\u00a0\u00a0\u00a0\u00a0\u00a0\u00a0\u00a0\u00a0\u00a0\u00a0\u00a0\u00a0\u00a0\u00a0\u00a0\u00a0\u00a0\u00a0\u00a0\u00a0\u00a0\u00a0\u00a0\u00a0\u00a0\u00a0\u00a0\u00a0\u00a0\u00a0\u00a0\u00a0\u00a0\u00a0\u00a0\u00a0\u00a0\u00a0\u00a0\u00a0\u00a0\u00a0\u00a0\u00a0\u00a0\u00a0\u00a0<\/span><\/td>\n<td class=\"xl70\" width=\"108\">\u00a0 19:00 A 20:00<\/td>\n<\/tr>\n<tr>\n<td class=\"xl74\" height=\"43\">Inicio Marzo 2025.<\/td>\n<td class=\"xl71\"><\/td>\n<\/tr>\n<tr>\n<td class=\"xl84\" height=\"43\"><\/td>\n<td class=\"xl84\"><\/td>\n<td class=\"xl118\"><\/td>\n<\/tr>\n<tr>\n<td class=\"xl77\" colspan=\"5\" height=\"29\"><\/td>\n<\/tr>\n<tr>\n<td class=\"xl79\" colspan=\"4\" height=\"29\">** SEDE U. CENTRAL<\/td>\n<td class=\"xl80\"><\/td>\n<\/tr>\n<tr>\n<td class=\"xl105\" colspan=\"5\" width=\"609\" height=\"37\">*Programa Escuela de Nataci\u00f3n Adulto y Entrenamiento<\/p>\n<p>(los que NO tienen simbolo * son solo horarios de entrenamiento).<\/td>\n<\/tr>\n<tr>\n<td class=\"xl81\" colspan=\"2\" height=\"23\">Clase de Prueba $15.000.-<\/td>\n<td class=\"xl82\"><\/td>\n<td class=\"xl82\"><\/td>\n<td class=\"xl83\"><\/td>\n<\/tr>\n<\/tbody>\n<\/table>\n","protected":false},"excerpt":{"rendered":"<p>REQUISITO PARA CUALQUIER PLAN DE NATACI\u00d3N Membres\u00eda anual 2026: $28.000..-Beneficios: cambio de sede dentro del mes y recuperar sesiones en otros horarios dentro del mes (seg\u00fan previa disponibilidad), participar en eventos como equipo, convenios con marcas, servicios, eventos como nicesport. VALORIZACI\u00d3N DE\u00a0 PLANES NATACION 2026 MENSUAL TRIMESTRAL SEMESTRAL ANUAL DIAS X SEMANA INDICADORES\u00a0 MENSUALES 1 [&hellip;]<\/p>\n","protected":false},"featured_media":710,"comment_status":"open","ping_status":"closed","template":"","meta":[],"product_cat":[30],"product_tag":[],"_links":{"self":[{"href":"https:\/\/nicesport.cl\/tienda\/index.php\/wp-json\/wp\/v2\/product\/762"}],"collection":[{"href":"https:\/\/nicesport.cl\/tienda\/index.php\/wp-json\/wp\/v2\/product"}],"about":[{"href":"https:\/\/nicesport.cl\/tienda\/index.php\/wp-json\/wp\/v2\/types\/product"}],"replies":[{"embeddable":true,"href":"https:\/\/nicesport.cl\/tienda\/index.php\/wp-json\/wp\/v2\/comments?post=762"}],"wp:featuredmedia":[{"embeddable":true,"href":"https:\/\/nicesport.cl\/tienda\/index.php\/wp-json\/wp\/v2\/media\/710"}],"wp:attachment":[{"href":"https:\/\/nicesport.cl\/tienda\/index.php\/wp-json\/wp\/v2\/media?parent=762"}],"wp:term":[{"taxonomy":"product_cat","embeddable":true,"href":"https:\/\/nicesport.cl\/tienda\/index.php\/wp-json\/wp\/v2\/product_cat?post=762"},{"taxonomy":"product_tag","embeddable":true,"href":"https:\/\/nicesport.cl\/tienda\/index.php\/wp-json\/wp\/v2\/product_tag?post=762"}],"curies":[{"name":"wp","href":"https:\/\/api.w.org\/{rel}","templated":true}]}}