{"id":734,"date":"2022-08-01T01:57:43","date_gmt":"2022-08-01T01:57:43","guid":{"rendered":"https:\/\/nicesport.cl\/tienda\/?post_type=product&#038;p=734"},"modified":"2026-01-03T01:49:34","modified_gmt":"2026-01-03T01:49:34","slug":"plan-entrenamiento-funcional-grupal-nunoa","status":"publish","type":"product","link":"https:\/\/nicesport.cl\/tienda\/index.php\/product\/plan-entrenamiento-funcional-grupal-nunoa\/","title":{"rendered":"Plan Entrenamiento Funcional Mensual"},"content":{"rendered":"<p>Matricula 45mil<\/p>\n<p>Entrenamiento Preparaci\u00f3n F\u00edsica.<\/p>\n<p>Son 2 sesiones Martes y Jueves 18:30 P.m<\/p>\n<p>Martes : San Crist\u00f3bal \/ o estadio nacional<\/p>\n<p>Jueves: San Crist\u00f3bal<\/p>\n<p>Focalizados en :<\/p>\n<p>*Prevenci\u00f3n de Lesiones, Forma deportiva general, T\u00e9cnica deportiva y Deportes de resistencia.<\/p>\n","protected":false},"excerpt":{"rendered":"<p>Matricula 45mil Entrenamiento Preparaci\u00f3n F\u00edsica. Son 2 sesiones Martes y Jueves 18:30 P.m Martes : San Crist\u00f3bal \/ o estadio nacional Jueves: San Crist\u00f3bal Focalizados en : *Prevenci\u00f3n de Lesiones, Forma deportiva general, T\u00e9cnica deportiva y Deportes de resistencia.<\/p>\n","protected":false},"featured_media":806,"comment_status":"open","ping_status":"closed","template":"","meta":[],"product_cat":[33],"product_tag":[],"_links":{"self":[{"href":"https:\/\/nicesport.cl\/tienda\/index.php\/wp-json\/wp\/v2\/product\/734"}],"collection":[{"href":"https:\/\/nicesport.cl\/tienda\/index.php\/wp-json\/wp\/v2\/product"}],"about":[{"href":"https:\/\/nicesport.cl\/tienda\/index.php\/wp-json\/wp\/v2\/types\/product"}],"replies":[{"embeddable":true,"href":"https:\/\/nicesport.cl\/tienda\/index.php\/wp-json\/wp\/v2\/comments?post=734"}],"wp:featuredmedia":[{"embeddable":true,"href":"https:\/\/nicesport.cl\/tienda\/index.php\/wp-json\/wp\/v2\/media\/806"}],"wp:attachment":[{"href":"https:\/\/nicesport.cl\/tienda\/index.php\/wp-json\/wp\/v2\/media?parent=734"}],"wp:term":[{"taxonomy":"product_cat","embeddable":true,"href":"https:\/\/nicesport.cl\/tienda\/index.php\/wp-json\/wp\/v2\/product_cat?post=734"},{"taxonomy":"product_tag","embeddable":true,"href":"https:\/\/nicesport.cl\/tienda\/index.php\/wp-json\/wp\/v2\/product_tag?post=734"}],"curies":[{"name":"wp","href":"https:\/\/api.w.org\/{rel}","templated":true}]}}