{"id":711,"date":"2022-06-08T20:27:48","date_gmt":"2022-06-08T20:27:48","guid":{"rendered":"https:\/\/nicesport.cl\/tienda\/?post_type=product&#038;p=711"},"modified":"2024-12-29T16:00:02","modified_gmt":"2024-12-29T16:00:02","slug":"natacion-mensual-a-distancia","status":"publish","type":"product","link":"https:\/\/nicesport.cl\/tienda\/index.php\/product\/natacion-mensual-a-distancia\/","title":{"rendered":"Nataci\u00f3n Mensual a Distancia."},"content":{"rendered":"<p>Env\u00edo de planificaci\u00f3n \u00a0T\u00e9cnica y Capacidad Funcional.<\/p>\n<ul>\n<li>Evaluaci\u00f3n.<\/li>\n<li>Ejercicios Correctivos.<\/li>\n<li>Ejercicios Coordinativos.<\/li>\n<li>Ejercicios de Sensibilidad.<\/li>\n<li>Ejercicios de Fuerza.<\/li>\n<li>Ejercicios de Respiraci\u00f3n.<\/li>\n<li>Ejercicios de Aguas Abiertas.<\/li>\n<li>Ejercicios de Umbrales, Vo2 Max. y Velocidad.<\/li>\n<\/ul>\n","protected":false},"excerpt":{"rendered":"<p>Env\u00edo de planificaci\u00f3n \u00a0T\u00e9cnica y Capacidad Funcional. Evaluaci\u00f3n. Ejercicios Correctivos. Ejercicios Coordinativos. Ejercicios de Sensibilidad. Ejercicios de Fuerza. Ejercicios de Respiraci\u00f3n. Ejercicios de Aguas Abiertas. Ejercicios de Umbrales, Vo2 Max. y Velocidad.<\/p>\n","protected":false},"featured_media":712,"comment_status":"open","ping_status":"closed","template":"","meta":[],"product_cat":[30],"product_tag":[],"_links":{"self":[{"href":"https:\/\/nicesport.cl\/tienda\/index.php\/wp-json\/wp\/v2\/product\/711"}],"collection":[{"href":"https:\/\/nicesport.cl\/tienda\/index.php\/wp-json\/wp\/v2\/product"}],"about":[{"href":"https:\/\/nicesport.cl\/tienda\/index.php\/wp-json\/wp\/v2\/types\/product"}],"replies":[{"embeddable":true,"href":"https:\/\/nicesport.cl\/tienda\/index.php\/wp-json\/wp\/v2\/comments?post=711"}],"wp:featuredmedia":[{"embeddable":true,"href":"https:\/\/nicesport.cl\/tienda\/index.php\/wp-json\/wp\/v2\/media\/712"}],"wp:attachment":[{"href":"https:\/\/nicesport.cl\/tienda\/index.php\/wp-json\/wp\/v2\/media?parent=711"}],"wp:term":[{"taxonomy":"product_cat","embeddable":true,"href":"https:\/\/nicesport.cl\/tienda\/index.php\/wp-json\/wp\/v2\/product_cat?post=711"},{"taxonomy":"product_tag","embeddable":true,"href":"https:\/\/nicesport.cl\/tienda\/index.php\/wp-json\/wp\/v2\/product_tag?post=711"}],"curies":[{"name":"wp","href":"https:\/\/api.w.org\/{rel}","templated":true}]}}