{"id":401,"date":"2019-08-06T20:01:29","date_gmt":"2019-08-06T20:01:29","guid":{"rendered":"https:\/\/nicesport.cl\/tienda\/?post_type=product&#038;p=401"},"modified":"2025-10-08T18:38:59","modified_gmt":"2025-10-08T18:38:59","slug":"plan-trimestral-ciclismo","status":"publish","type":"product","link":"https:\/\/nicesport.cl\/tienda\/index.php\/product\/plan-trimestral-ciclismo\/","title":{"rendered":"Plan Trimestral Ciclismo."},"content":{"rendered":"<p>Planificaci\u00f3n de sesiones y objetivos personalizados.<\/p>\n<p>Cuenta Trainingpeaks, Gesti\u00f3n de Rendimiento deportivo.<\/p>\n<p>Horarios sesiones grupales, solo los s\u00e1bados en hornada am.<\/p>\n<p>(son opcionales, lo importante es que cada alumno tiene su planificaci\u00f3n).<\/p>\n<p>La opci\u00f3n presencial a distancia incluye plataforma Zoom y\u00a0<img loading=\"lazy\" decoding=\"async\" class=\"alignnone size-medium wp-image-534\" src=\"https:\/\/nicesport.cl\/tienda\/wp-content\/uploads\/2019\/08\/Entrenamiento-online-ciclismo-300x300.jpeg\" sizes=\"(max-width: 300px) 100vw, 300px\" srcset=\"https:\/\/nicesport.cl\/tienda\/wp-content\/uploads\/2019\/08\/Entrenamiento-online-ciclismo-300x300.jpeg 300w, https:\/\/nicesport.cl\/tienda\/wp-content\/uploads\/2019\/08\/Entrenamiento-online-ciclismo-150x150.jpeg 150w, https:\/\/nicesport.cl\/tienda\/wp-content\/uploads\/2019\/08\/Entrenamiento-online-ciclismo-324x324.jpeg 324w, https:\/\/nicesport.cl\/tienda\/wp-content\/uploads\/2019\/08\/Entrenamiento-online-ciclismo-416x416.jpeg 416w, https:\/\/nicesport.cl\/tienda\/wp-content\/uploads\/2019\/08\/Entrenamiento-online-ciclismo-100x100.jpeg 100w, https:\/\/nicesport.cl\/tienda\/wp-content\/uploads\/2019\/08\/Entrenamiento-online-ciclismo.jpeg 720w\" alt=\"\" width=\"300\" height=\"300\" \/>Opcional plataforma www.zwift.com (costo alumno).<\/p>\n<p><img decoding=\"async\" src=\"https:\/\/nicesport.cl\/tienda\/wp-content\/uploads\/2019\/08\/zwift-300x300.jpeg\" \/><\/p>\n<p>&nbsp;<\/p>\n<p>m\u00e1s informaci\u00f3n WhatsApp +569 96413140<\/p>\n","protected":false},"excerpt":{"rendered":"<p>Planificaci\u00f3n de sesiones y objetivos personalizados. Cuenta Trainingpeaks, Gesti\u00f3n de Rendimiento deportivo. Horarios sesiones grupales, solo los s\u00e1bados en hornada am. (son opcionales, lo importante es que cada alumno tiene su planificaci\u00f3n). La opci\u00f3n presencial a distancia incluye plataforma Zoom y\u00a0Opcional plataforma www.zwift.com (costo alumno). &nbsp; m\u00e1s informaci\u00f3n WhatsApp +569 96413140<\/p>\n","protected":false},"featured_media":409,"comment_status":"open","ping_status":"closed","template":"","meta":[],"product_cat":[29],"product_tag":[],"_links":{"self":[{"href":"https:\/\/nicesport.cl\/tienda\/index.php\/wp-json\/wp\/v2\/product\/401"}],"collection":[{"href":"https:\/\/nicesport.cl\/tienda\/index.php\/wp-json\/wp\/v2\/product"}],"about":[{"href":"https:\/\/nicesport.cl\/tienda\/index.php\/wp-json\/wp\/v2\/types\/product"}],"replies":[{"embeddable":true,"href":"https:\/\/nicesport.cl\/tienda\/index.php\/wp-json\/wp\/v2\/comments?post=401"}],"wp:featuredmedia":[{"embeddable":true,"href":"https:\/\/nicesport.cl\/tienda\/index.php\/wp-json\/wp\/v2\/media\/409"}],"wp:attachment":[{"href":"https:\/\/nicesport.cl\/tienda\/index.php\/wp-json\/wp\/v2\/media?parent=401"}],"wp:term":[{"taxonomy":"product_cat","embeddable":true,"href":"https:\/\/nicesport.cl\/tienda\/index.php\/wp-json\/wp\/v2\/product_cat?post=401"},{"taxonomy":"product_tag","embeddable":true,"href":"https:\/\/nicesport.cl\/tienda\/index.php\/wp-json\/wp\/v2\/product_tag?post=401"}],"curies":[{"name":"wp","href":"https:\/\/api.w.org\/{rel}","templated":true}]}}