{"id":397,"date":"2019-08-06T19:57:56","date_gmt":"2019-08-06T19:57:56","guid":{"rendered":"https:\/\/nicesport.cl\/tienda\/?post_type=product&#038;p=397"},"modified":"2025-04-16T17:30:24","modified_gmt":"2025-04-16T17:30:24","slug":"planciclismosemestral","status":"publish","type":"product","link":"https:\/\/nicesport.cl\/tienda\/index.php\/product\/planciclismosemestral\/","title":{"rendered":"Plan Semestral Ciclismo."},"content":{"rendered":"<p>Planificaci\u00f3n de sesiones y objetivos personalizados.<\/p>\n<p>Cuenta Trainingpeaks, Gesti\u00f3n de Rendimiento deportivo.<\/p>\n<p>Horarios sesiones grupales:AM s\u00e1bados presencial (seg\u00fan clima y planificaci\u00f3n), dentro de la semana planificaremos a distancia de forma personalizada.<\/p>\n<p><img loading=\"lazy\" decoding=\"async\" class=\"alignnone size-medium wp-image-534\" src=\"https:\/\/nicesport.cl\/tienda\/wp-content\/uploads\/2019\/08\/Entrenamiento-online-ciclismo-300x300.jpeg\" sizes=\"(max-width: 300px) 100vw, 300px\" srcset=\"https:\/\/nicesport.cl\/tienda\/wp-content\/uploads\/2019\/08\/Entrenamiento-online-ciclismo-300x300.jpeg 300w, https:\/\/nicesport.cl\/tienda\/wp-content\/uploads\/2019\/08\/Entrenamiento-online-ciclismo-150x150.jpeg 150w, https:\/\/nicesport.cl\/tienda\/wp-content\/uploads\/2019\/08\/Entrenamiento-online-ciclismo-324x324.jpeg 324w, https:\/\/nicesport.cl\/tienda\/wp-content\/uploads\/2019\/08\/Entrenamiento-online-ciclismo-416x416.jpeg 416w, https:\/\/nicesport.cl\/tienda\/wp-content\/uploads\/2019\/08\/Entrenamiento-online-ciclismo-100x100.jpeg 100w, https:\/\/nicesport.cl\/tienda\/wp-content\/uploads\/2019\/08\/Entrenamiento-online-ciclismo.jpeg 720w\" alt=\"\" width=\"300\" height=\"300\" \/>Opcional plataforma www.zwift.com (costo alumno, ).<\/p>\n<p><img loading=\"lazy\" decoding=\"async\" class=\"alignnone size-medium wp-image-535\" src=\"https:\/\/nicesport.cl\/tienda\/wp-content\/uploads\/2019\/08\/zwift-300x300.jpeg\" sizes=\"(max-width: 300px) 100vw, 300px\" srcset=\"https:\/\/nicesport.cl\/tienda\/wp-content\/uploads\/2019\/08\/zwift-300x300.jpeg 300w, https:\/\/nicesport.cl\/tienda\/wp-content\/uploads\/2019\/08\/zwift-150x150.jpeg 150w, https:\/\/nicesport.cl\/tienda\/wp-content\/uploads\/2019\/08\/zwift-768x768.jpeg 768w, https:\/\/nicesport.cl\/tienda\/wp-content\/uploads\/2019\/08\/zwift-1024x1024.jpeg 1024w, https:\/\/nicesport.cl\/tienda\/wp-content\/uploads\/2019\/08\/zwift-324x324.jpeg 324w, https:\/\/nicesport.cl\/tienda\/wp-content\/uploads\/2019\/08\/zwift-416x416.jpeg 416w, https:\/\/nicesport.cl\/tienda\/wp-content\/uploads\/2019\/08\/zwift-100x100.jpeg 100w, https:\/\/nicesport.cl\/tienda\/wp-content\/uploads\/2019\/08\/zwift.jpeg 1280w\" alt=\"\" width=\"300\" height=\"300\" \/><\/p>\n<p>m\u00e1s informaci\u00f3n WhatsApp +569 96413140.<\/p>\n","protected":false},"excerpt":{"rendered":"<p>Planificaci\u00f3n de sesiones y objetivos personalizados. Cuenta Trainingpeaks, Gesti\u00f3n de Rendimiento deportivo. Horarios sesiones grupales:AM s\u00e1bados presencial (seg\u00fan clima y planificaci\u00f3n), dentro de la semana planificaremos a distancia de forma personalizada. Opcional plataforma www.zwift.com (costo alumno, ). m\u00e1s informaci\u00f3n WhatsApp +569 96413140.<\/p>\n","protected":false},"featured_media":535,"comment_status":"open","ping_status":"closed","template":"","meta":[],"product_cat":[29],"product_tag":[],"_links":{"self":[{"href":"https:\/\/nicesport.cl\/tienda\/index.php\/wp-json\/wp\/v2\/product\/397"}],"collection":[{"href":"https:\/\/nicesport.cl\/tienda\/index.php\/wp-json\/wp\/v2\/product"}],"about":[{"href":"https:\/\/nicesport.cl\/tienda\/index.php\/wp-json\/wp\/v2\/types\/product"}],"replies":[{"embeddable":true,"href":"https:\/\/nicesport.cl\/tienda\/index.php\/wp-json\/wp\/v2\/comments?post=397"}],"wp:featuredmedia":[{"embeddable":true,"href":"https:\/\/nicesport.cl\/tienda\/index.php\/wp-json\/wp\/v2\/media\/535"}],"wp:attachment":[{"href":"https:\/\/nicesport.cl\/tienda\/index.php\/wp-json\/wp\/v2\/media?parent=397"}],"wp:term":[{"taxonomy":"product_cat","embeddable":true,"href":"https:\/\/nicesport.cl\/tienda\/index.php\/wp-json\/wp\/v2\/product_cat?post=397"},{"taxonomy":"product_tag","embeddable":true,"href":"https:\/\/nicesport.cl\/tienda\/index.php\/wp-json\/wp\/v2\/product_tag?post=397"}],"curies":[{"name":"wp","href":"https:\/\/api.w.org\/{rel}","templated":true}]}}