{"id":1240,"date":"2024-03-04T19:51:42","date_gmt":"2024-03-04T19:51:42","guid":{"rendered":"https:\/\/nicesport.cl\/tienda\/?post_type=product&#038;p=1240"},"modified":"2026-01-03T01:36:06","modified_gmt":"2026-01-03T01:36:06","slug":"plan-mensual-triatlon-con-piscina-4-a-5-sesiones-por-semana","status":"publish","type":"product","link":"https:\/\/nicesport.cl\/tienda\/index.php\/product\/plan-mensual-triatlon-con-piscina-4-a-5-sesiones-por-semana\/","title":{"rendered":"Plan Mensual Triatl\u00f3n con Piscina, 3 a 4 Sesiones de Nataci\u00f3n por semana"},"content":{"rendered":"<div class=\"page\" title=\"Page 1\">\n<div class=\"layoutArea\">\n<div class=\"column\">\n<div class=\"page\" title=\"Page 1\">\n<div class=\"layoutArea\">\n<div class=\"column\">\n<p>ADHESI\u00d3N 2026 $75.000.-<\/p>\n<p>**U. CENTRAL Av. Sta. Isabel 1148, Metro Parque Almagro L3<br \/>\nPiscina 25m Temperada, Cubierta.<br \/>\nMa &#8211; Mi &#8211; Ju &#8211; VI\u00a0 (AM)*\u00a0 7:00 A 8:00<br \/>\nLu &#8211; Mi &#8211; Vi (PM) *\u00a0\u00a0 19:00 A 20:00<\/p>\n<p>ESTADIO NACIONAL, Av. Grecia 2001, Metro Estadio Nacional L6<br \/>\nPiscina 50m Temperada.<br \/>\nLu &#8211; Mi -VI (PM) .14:00 A 15:00<br \/>\nInicio Enero 2025.<\/p>\n<p>CICLISMO<br \/>\n1. Planificaci\u00f3n\u00a0 TrainingPeaks.<br \/>\n2. An\u00e1lisis datos.<br \/>\n3. Ejecuci\u00f3n personalizada<br \/>\n4.- Planificaci\u00f3n Prep. Fisica.<br \/>\n5.- Salidas Grupales, los s\u00e1bados AM.<\/p>\n<p>CARRERA A PIE<br \/>\n1. Planificaci\u00f3n\u00a0TrainingPeaks.<br \/>\n2. An\u00e1lisis datos.<br \/>\n3. Ejecuci\u00f3n personalizada.<br \/>\n4.-Martes 18:30 P.m cerro\u00a0 San Crist\u00f3bal o\u00a0 Bicentenario.<br \/>\n5.-Martes 18:30 P.m Pista Atl\u00e9tica Estadio Nacional.<br \/>\n6.-\u00a0 Planificaci\u00f3n Prep. Fisica. \u00a0ADMISI\u00d3N 2025<\/p>\n<p>$75.000.- (obligatoria)<br \/>\n* Auto apoyo ciclismo s\u00e1bado am.<br \/>\n* Apoyo t\u00e9cnico competencias.<\/p>\n<p>$45.000.-\u00a0 (opcional) (Licencia federativa) .<br \/>\n* Ocupar instalaciones Estadio Nacional.\u00a0\u00a0\u00a0\u00a0\u00a0\u00a0\u00a0\u00a0\u00a0 * Beneficios club federado.<\/p>\n<p>** SEDE U. CENTRAL<\/p>\n<p>Los Feriados NO se recuperan, se consideran d\u00edas no habiles.<\/p>\n<\/div>\n<\/div>\n<div class=\"layoutArea\">\n<div class=\"column\">\n<p>Se debe elegir un horario de nataci\u00f3n con m\u00e1ximo de 4 sesiones semanales, opcionalmente si es que existe espacio pondr\u00e1 recuperar sesiones en otros horarios dentro de mes.<\/p>\n<ul>\n<li>En el caso que el convenio de nataci\u00f3n tenga modificaciones dentro del a\u00f1o y en caso de no llegar alg\u00fan acuerdo y si no se dispone de estos horarios para nadar por cualquier motivo dentro de un mes, el cliente tendr\u00e1 el derecho a la devoluci\u00f3n de un 1\/3 de la cuota mensual s\u00f3lo por el mes que no existi\u00f3 nataci\u00f3n por parte de NS nicesport.<\/li>\n<li>Planificaci\u00f3n personalizada a distancia y\/o sesiones de entrenamiento presenciales (estas \u00faltimas son opcionales ya que siempre estar\u00e1n las tareas y planificaciones dentro de Trainingpeaks).<\/li>\n<\/ul>\n<ul>\n<li>Existen videos de preparaci\u00f3n a distancia (los cuales son opcionales realizar, pero necesario a la hora de ejecutar dentro de la planificaci\u00f3n en caso de no tener un programa individual en alg\u00fan gimnasio o asesor\u00eda)<\/li>\n<\/ul>\n<\/div>\n<\/div>\n<\/div>\n<\/div>\n<\/div>\n<\/div>\n","protected":false},"excerpt":{"rendered":"<p>ADHESI\u00d3N 2026 $75.000.- **U. CENTRAL Av. Sta. Isabel 1148, Metro Parque Almagro L3 Piscina 25m Temperada, Cubierta. Ma &#8211; Mi &#8211; Ju &#8211; VI\u00a0 (AM)*\u00a0 7:00 A 8:00 Lu &#8211; Mi &#8211; Vi (PM) *\u00a0\u00a0 19:00 A 20:00 ESTADIO NACIONAL, Av. Grecia 2001, Metro Estadio Nacional L6 Piscina 50m Temperada. Lu &#8211; Mi -VI (PM) [&hellip;]<\/p>\n","protected":false},"featured_media":1203,"comment_status":"open","ping_status":"closed","template":"","meta":[],"product_cat":[28],"product_tag":[],"_links":{"self":[{"href":"https:\/\/nicesport.cl\/tienda\/index.php\/wp-json\/wp\/v2\/product\/1240"}],"collection":[{"href":"https:\/\/nicesport.cl\/tienda\/index.php\/wp-json\/wp\/v2\/product"}],"about":[{"href":"https:\/\/nicesport.cl\/tienda\/index.php\/wp-json\/wp\/v2\/types\/product"}],"replies":[{"embeddable":true,"href":"https:\/\/nicesport.cl\/tienda\/index.php\/wp-json\/wp\/v2\/comments?post=1240"}],"wp:featuredmedia":[{"embeddable":true,"href":"https:\/\/nicesport.cl\/tienda\/index.php\/wp-json\/wp\/v2\/media\/1203"}],"wp:attachment":[{"href":"https:\/\/nicesport.cl\/tienda\/index.php\/wp-json\/wp\/v2\/media?parent=1240"}],"wp:term":[{"taxonomy":"product_cat","embeddable":true,"href":"https:\/\/nicesport.cl\/tienda\/index.php\/wp-json\/wp\/v2\/product_cat?post=1240"},{"taxonomy":"product_tag","embeddable":true,"href":"https:\/\/nicesport.cl\/tienda\/index.php\/wp-json\/wp\/v2\/product_tag?post=1240"}],"curies":[{"name":"wp","href":"https:\/\/api.w.org\/{rel}","templated":true}]}}