{"id":1214,"date":"2024-02-16T19:37:27","date_gmt":"2024-02-16T19:37:27","guid":{"rendered":"https:\/\/nicesport.cl\/tienda\/?post_type=product&#038;p=1214"},"modified":"2024-12-30T02:08:58","modified_gmt":"2024-12-30T02:08:58","slug":"campamento-entrenamiento-triatlon-vichuquen","status":"publish","type":"product","link":"https:\/\/nicesport.cl\/tienda\/index.php\/product\/campamento-entrenamiento-triatlon-vichuquen\/","title":{"rendered":"Campamento Entrenamiento Triatl\u00f3n Vichuqu\u00e9n"},"content":{"rendered":"<blockquote class=\"wp-embedded-content\" data-secret=\"ypoiJHykSV\"><p><a href=\"https:\/\/triatlonvichuquen.cl\/\"><\/a><\/p><\/blockquote>\n<p><iframe class=\"wp-embedded-content\" sandbox=\"allow-scripts\" security=\"restricted\" style=\"position: absolute; clip: rect(1px, 1px, 1px, 1px);\" title=\"&#8220;&#8221; &#8212; Triatlon Vichuqu\u00e9n\" src=\"https:\/\/triatlonvichuquen.cl\/embed\/#?secret=PCu2pKuV2M#?secret=ypoiJHykSV\" data-secret=\"ypoiJHykSV\" width=\"600\" height=\"338\" frameborder=\"0\" marginwidth=\"0\" marginheight=\"0\" scrolling=\"no\"><\/iframe><\/p>\n<p>Escr\u00edbenos para inscripciones al WhatsApp +56967609260 te esperamos!<\/p>\n<p>Prep\u00e1rate para una experiencia inolvidable en el hermoso entorno de Vichuqu\u00e9n!<\/p>\n<p>Te invitamos a nuestro <strong>CAMPAMENTO DE ENTRENAMIENTO PARA TRIATL\u00d3N<\/strong>, donde combinamos la emoci\u00f3n del deporte con la belleza natural de este lugar \u00fanico. Este evento incluye:<\/p>\n<p><strong>\u2013 Taller nataci\u00f3n en aguas abiertas.<\/strong><br \/>\n<strong>\u2013 3 triatlones s\u00faper sprint<\/strong><br \/>\n<strong>\u2013 Fondo de ciclismo, transici\u00f3n (T2) y trote.<\/strong><\/p>\n<p>Sum\u00e9rgete en la tranquilidad de Vichuqu\u00e9n mientras nadas, pedaleas y corres. La brisa fresca, los paisajes impresionantes y la atm\u00f3sfera especial de este entorno te inspirar\u00e1n en cada momento de la experiencia.<\/p>\n<p>\u00a1\u00danete al Desaf\u00edo MultisporTri Vichuqu\u00e9n!<br \/>\nUna oportunidad para disfrutar del deporte, la naturaleza y crear recuerdos que durar\u00e1n toda la vida.<\/p>\n<p><strong>Te esperamos el 29 y 30 de marzo de 2025.<\/strong><\/p>\n<p>&nbsp;<\/p>\n","protected":false},"excerpt":{"rendered":"<p>Escr\u00edbenos para inscripciones al WhatsApp +56967609260 te esperamos! Prep\u00e1rate para una experiencia inolvidable en el hermoso entorno de Vichuqu\u00e9n! Te invitamos a nuestro CAMPAMENTO DE ENTRENAMIENTO PARA TRIATL\u00d3N, donde combinamos la emoci\u00f3n del deporte con la belleza natural de este lugar \u00fanico. Este evento incluye: \u2013 Taller nataci\u00f3n en aguas abiertas. \u2013 3 triatlones s\u00faper [&hellip;]<\/p>\n","protected":false},"featured_media":1215,"comment_status":"open","ping_status":"closed","template":"","meta":[],"product_cat":[28],"product_tag":[],"_links":{"self":[{"href":"https:\/\/nicesport.cl\/tienda\/index.php\/wp-json\/wp\/v2\/product\/1214"}],"collection":[{"href":"https:\/\/nicesport.cl\/tienda\/index.php\/wp-json\/wp\/v2\/product"}],"about":[{"href":"https:\/\/nicesport.cl\/tienda\/index.php\/wp-json\/wp\/v2\/types\/product"}],"replies":[{"embeddable":true,"href":"https:\/\/nicesport.cl\/tienda\/index.php\/wp-json\/wp\/v2\/comments?post=1214"}],"wp:featuredmedia":[{"embeddable":true,"href":"https:\/\/nicesport.cl\/tienda\/index.php\/wp-json\/wp\/v2\/media\/1215"}],"wp:attachment":[{"href":"https:\/\/nicesport.cl\/tienda\/index.php\/wp-json\/wp\/v2\/media?parent=1214"}],"wp:term":[{"taxonomy":"product_cat","embeddable":true,"href":"https:\/\/nicesport.cl\/tienda\/index.php\/wp-json\/wp\/v2\/product_cat?post=1214"},{"taxonomy":"product_tag","embeddable":true,"href":"https:\/\/nicesport.cl\/tienda\/index.php\/wp-json\/wp\/v2\/product_tag?post=1214"}],"curies":[{"name":"wp","href":"https:\/\/api.w.org\/{rel}","templated":true}]}}