{"id":1204,"date":"2024-02-05T23:13:54","date_gmt":"2024-02-05T23:13:54","guid":{"rendered":"https:\/\/nicesport.cl\/tienda\/?post_type=product&#038;p=1204"},"modified":"2024-12-29T04:06:06","modified_gmt":"2024-12-29T04:06:06","slug":"plan-anual-entrenamiento-natacion-3-sesiones-x-semana-copia","status":"publish","type":"product","link":"https:\/\/nicesport.cl\/tienda\/index.php\/product\/plan-anual-entrenamiento-natacion-3-sesiones-x-semana-copia\/","title":{"rendered":"Plan Anual Nataci\u00f3n  3 sesiones x Semana."},"content":{"rendered":"<table border=\"0\" width=\"609\" cellspacing=\"0\" cellpadding=\"0\">\n<colgroup>\n<col width=\"115\" \/>\n<col width=\"100\" \/>\n<col width=\"151\" \/>\n<col width=\"108\" \/>\n<col width=\"135\" \/><\/colgroup>\n<tbody>\n<tr>\n<td class=\"xl98\" width=\"115\" height=\"21\">LUGAR<\/td>\n<td class=\"xl99\" width=\"100\">PISCINA<\/td>\n<td class=\"xl99\" width=\"151\">DIAS<\/td>\n<td class=\"xl99\" width=\"108\">HORARIOS<\/td>\n<td class=\"xl99\" width=\"135\">\u00a0ADMISI\u00d3N 2025<\/td>\n<\/tr>\n<tr>\n<td class=\"xl100\" rowspan=\"4\" width=\"115\" height=\"172\">***CLUB SUIZO Dubl\u00e9 Almeyda 2191, Metro \u00d1u\u00f1oa L3-L6<\/td>\n<td class=\"xl74\" rowspan=\"4\" width=\"100\">Piscina 25m Temperada, Descubierta en Verano, Domo Invierno.<\/td>\n<td class=\"xl75\" width=\"151\">Lu &#8211; Mi &#8211; VI\u00a0 (AM) .<\/td>\n<td class=\"xl75\" width=\"108\">7:00 A 8:00<\/td>\n<td class=\"xl105\" rowspan=\"3\">$28.000<\/td>\n<\/tr>\n<tr>\n<td class=\"xl96\" width=\"151\" height=\"43\">Lu &#8211; Mi\u00a0 (PM) <span class=\"font5\">*\u00a0\u00a0\u00a0\u00a0\u00a0 <\/span><span class=\"font0\">\u00a0\u00a0\u00a0\u00a0\u00a0\u00a0\u00a0\u00a0\u00a0\u00a0\u00a0\u00a0\u00a0\u00a0\u00a0\u00a0\u00a0\u00a0\u00a0\u00a0\u00a0\u00a0\u00a0\u00a0\u00a0\u00a0\u00a0\u00a0\u00a0\u00a0\u00a0\u00a0\u00a0\u00a0\u00a0\u00a0\u00a0\u00a0\u00a0\u00a0\u00a0\u00a0\u00a0\u00a0\u00a0\u00a0\u00a0\u00a0\u00a0\u00a0\u00a0\u00a0\u00a0\u00a0\u00a0\u00a0\u00a0\u00a0\u00a0\u00a0\u00a0\u00a0\u00a0\u00a0\u00a0\u00a0\u00a0\u00a0\u00a0\u00a0\u00a0\u00a0\u00a0\u00a0\u00a0\u00a0\u00a0\u00a0\u00a0\u00a0\u00a0\u00a0\u00a0\u00a0\u00a0\u00a0\u00a0\u00a0\u00a0\u00a0\u00a0\u00a0\u00a0\u00a0\u00a0\u00a0\u00a0\u00a0\u00a0\u00a0\u00a0\u00a0\u00a0\u00a0\u00a0\u00a0\u00a0\u00a0\u00a0\u00a0\u00a0\u00a0\u00a0\u00a0\u00a0\u00a0\u00a0\u00a0\u00a0\u00a0\u00a0\u00a0\u00a0\u00a0\u00a0\u00a0\u00a0\u00a0\u00a0\u00a0\u00a0\u00a0\u00a0\u00a0\u00a0\u00a0\u00a0\u00a0\u00a0\u00a0\u00a0\u00a0\u00a0\u00a0\u00a0\u00a0\u00a0\u00a0\u00a0\u00a0\u00a0\u00a0\u00a0\u00a0\u00a0\u00a0\u00a0\u00a0\u00a0\u00a0\u00a0\u00a0\u00a0\u00a0\u00a0\u00a0\u00a0\u00a0\u00a0\u00a0\u00a0\u00a0\u00a0\u00a0\u00a0\u00a0\u00a0\u00a0\u00a0\u00a0\u00a0\u00a0\u00a0\u00a0\u00a0\u00a0\u00a0\u00a0\u00a0\u00a0\u00a0\u00a0\u00a0\u00a0\u00a0\u00a0\u00a0\u00a0\u00a0\u00a0\u00a0\u00a0\u00a0\u00a0\u00a0\u00a0\u00a0\u00a0\u00a0\u00a0\u00a0\u00a0\u00a0\u00a0\u00a0\u00a0\u00a0\u00a0\u00a0\u00a0\u00a0\u00a0\u00a0\u00a0\u00a0\u00a0\u00a0\u00a0\u00a0\u00a0\u00a0\u00a0\u00a0\u00a0\u00a0\u00a0\u00a0\u00a0\u00a0\u00a0\u00a0\u00a0\u00a0\u00a0\u00a0\u00a0\u00a0\u00a0\u00a0\u00a0\u00a0\u00a0\u00a0\u00a0\u00a0\u00a0\u00a0\u00a0\u00a0\u00a0\u00a0\u00a0\u00a0\u00a0\u00a0\u00a0\u00a0\u00a0\u00a0\u00a0\u00a0\u00a0\u00a0\u00a0\u00a0\u00a0\u00a0\u00a0\u00a0\u00a0\u00a0\u00a0\u00a0\u00a0\u00a0\u00a0\u00a0\u00a0\u00a0\u00a0\u00a0\u00a0\u00a0\u00a0\u00a0\u00a0\u00a0\u00a0\u00a0\u00a0\u00a0\u00a0\u00a0\u00a0\u00a0\u00a0\u00a0\u00a0\u00a0\u00a0\u00a0\u00a0\u00a0\u00a0\u00a0\u00a0\u00a0\u00a0\u00a0\u00a0\u00a0\u00a0\u00a0\u00a0\u00a0\u00a0\u00a0\u00a0\u00a0\u00a0\u00a0\u00a0\u00a0\u00a0\u00a0\u00a0\u00a0\u00a0\u00a0<\/span><\/td>\n<td class=\"xl77\" width=\"108\">\u00a0\u00a0\u00a0 20:00 A 21:00<\/td>\n<\/tr>\n<tr>\n<td class=\"xl79\" height=\"43\">VI (PM).<span class=\"font5\">*<\/span><\/td>\n<td class=\"xl79\">\u00a0\u00a0\u00a0 19:00 A 20:00<\/td>\n<\/tr>\n<tr>\n<td class=\"xl82\" height=\"43\">Inicio Enero 2025.<\/td>\n<td class=\"xl80\"><\/td>\n<td class=\"xl80\"><\/td>\n<\/tr>\n<tr>\n<td class=\"xl101\" rowspan=\"3\" width=\"115\" height=\"128\">ESTADIO NACIONAL, Av. Grecia 2001, Metro Estadio Nacional L6<\/td>\n<td class=\"xl71\" rowspan=\"3\" width=\"100\">Piscina 50m Temperada.<\/td>\n<td class=\"xl70\"><\/td>\n<td class=\"xl67\"><\/td>\n<td class=\"xl68\"><\/td>\n<\/tr>\n<tr>\n<td class=\"xl97\" width=\"151\" height=\"36\">Lu &#8211; Mi\u00a0 (PM) .<\/td>\n<td class=\"xl66\">14:00 A 15:00<\/td>\n<td class=\"xl69\" width=\"135\">$40.000.-\u00a0 ( Licencia triatleta federado)<\/td>\n<\/tr>\n<tr>\n<td class=\"xl84\" height=\"29\">Inicio Enero 2025.<\/td>\n<td class=\"xl65\"><\/td>\n<td class=\"xl65\"><\/td>\n<\/tr>\n<tr>\n<td class=\"xl100\" rowspan=\"4\" width=\"115\" height=\"172\">**U. CENTRAL Av. Sta. Isabel 1148, Metro Parque Almagro L3<\/td>\n<td class=\"xl74\" rowspan=\"4\" width=\"100\">Piscina 25m Temperada, Cubierta.<\/td>\n<td class=\"xl75\" width=\"151\">Ma &#8211; Mi &#8211; Ju &#8211; VI\u00a0 (AM)*<\/td>\n<td class=\"xl75\" width=\"108\">7:00 A 8:00<\/td>\n<td class=\"xl76\" rowspan=\"3\">$28.000<\/td>\n<\/tr>\n<tr>\n<td class=\"xl96\" width=\"151\" height=\"43\">Lu &#8211; Mi &#8211; Vi (PM) <span class=\"font5\">*\u00a0\u00a0\u00a0\u00a0\u00a0 <\/span><span class=\"font0\">\u00a0\u00a0\u00a0\u00a0\u00a0\u00a0\u00a0\u00a0\u00a0\u00a0\u00a0\u00a0\u00a0\u00a0\u00a0\u00a0\u00a0\u00a0\u00a0\u00a0\u00a0\u00a0\u00a0\u00a0\u00a0\u00a0\u00a0\u00a0\u00a0\u00a0\u00a0\u00a0\u00a0\u00a0\u00a0\u00a0\u00a0\u00a0\u00a0\u00a0\u00a0\u00a0\u00a0\u00a0\u00a0\u00a0\u00a0\u00a0\u00a0\u00a0\u00a0\u00a0\u00a0\u00a0\u00a0\u00a0\u00a0\u00a0\u00a0\u00a0\u00a0\u00a0\u00a0\u00a0\u00a0\u00a0\u00a0\u00a0\u00a0\u00a0\u00a0\u00a0\u00a0\u00a0\u00a0\u00a0\u00a0\u00a0\u00a0\u00a0\u00a0\u00a0\u00a0\u00a0\u00a0\u00a0\u00a0\u00a0\u00a0\u00a0\u00a0\u00a0\u00a0\u00a0\u00a0\u00a0\u00a0\u00a0\u00a0\u00a0\u00a0\u00a0\u00a0\u00a0\u00a0\u00a0\u00a0\u00a0\u00a0\u00a0\u00a0\u00a0\u00a0\u00a0\u00a0\u00a0\u00a0\u00a0\u00a0\u00a0\u00a0\u00a0\u00a0\u00a0\u00a0\u00a0\u00a0\u00a0\u00a0\u00a0\u00a0\u00a0\u00a0\u00a0\u00a0\u00a0\u00a0\u00a0\u00a0\u00a0\u00a0\u00a0\u00a0\u00a0\u00a0\u00a0\u00a0\u00a0\u00a0\u00a0\u00a0\u00a0\u00a0\u00a0\u00a0\u00a0\u00a0\u00a0\u00a0\u00a0\u00a0\u00a0\u00a0\u00a0\u00a0\u00a0\u00a0\u00a0\u00a0\u00a0\u00a0\u00a0\u00a0\u00a0\u00a0\u00a0\u00a0\u00a0\u00a0\u00a0\u00a0\u00a0\u00a0\u00a0\u00a0\u00a0\u00a0\u00a0\u00a0\u00a0\u00a0\u00a0\u00a0\u00a0\u00a0\u00a0\u00a0\u00a0\u00a0\u00a0\u00a0\u00a0\u00a0\u00a0\u00a0\u00a0\u00a0\u00a0\u00a0\u00a0\u00a0\u00a0\u00a0\u00a0\u00a0\u00a0\u00a0\u00a0\u00a0\u00a0\u00a0\u00a0\u00a0\u00a0\u00a0\u00a0\u00a0\u00a0\u00a0\u00a0\u00a0\u00a0\u00a0\u00a0\u00a0\u00a0\u00a0\u00a0\u00a0\u00a0\u00a0\u00a0\u00a0\u00a0\u00a0\u00a0\u00a0\u00a0\u00a0\u00a0\u00a0\u00a0\u00a0\u00a0\u00a0\u00a0\u00a0\u00a0\u00a0\u00a0\u00a0\u00a0\u00a0\u00a0\u00a0\u00a0\u00a0\u00a0\u00a0\u00a0\u00a0\u00a0\u00a0\u00a0\u00a0\u00a0\u00a0\u00a0\u00a0\u00a0\u00a0\u00a0\u00a0\u00a0\u00a0\u00a0\u00a0\u00a0\u00a0\u00a0\u00a0\u00a0\u00a0\u00a0\u00a0\u00a0\u00a0\u00a0\u00a0\u00a0\u00a0\u00a0\u00a0\u00a0\u00a0\u00a0\u00a0\u00a0\u00a0\u00a0\u00a0\u00a0\u00a0\u00a0\u00a0\u00a0\u00a0\u00a0\u00a0\u00a0\u00a0\u00a0\u00a0\u00a0\u00a0\u00a0\u00a0\u00a0\u00a0\u00a0\u00a0\u00a0\u00a0\u00a0\u00a0\u00a0\u00a0\u00a0\u00a0<\/span><\/td>\n<td class=\"xl77\" width=\"108\">\u00a0 19:00 A 20:00<\/td>\n<\/tr>\n<tr>\n<td class=\"xl83\" height=\"43\">Inicio Marzo 2025.<\/td>\n<td class=\"xl79\"><\/td>\n<\/tr>\n<tr>\n<td class=\"xl94\" height=\"43\"><\/td>\n<td class=\"xl94\"><\/td>\n<td class=\"xl94\"><\/td>\n<\/tr>\n<tr>\n<td class=\"xl86\" colspan=\"5\" height=\"29\">*** SEDE\u00a0 CLUB SUIZO duraci\u00f3n Verano enero y febrero 2025 (horarios proyectables).<\/td>\n<\/tr>\n<tr>\n<td class=\"xl88\" colspan=\"4\" height=\"29\">** SEDE U. CENTRAL duraci\u00f3n Marzo 2025\u00a0\u00a0 a\u00a0 Enero 2026.<\/td>\n<td class=\"xl81\"><\/td>\n<\/tr>\n<tr>\n<td class=\"xl90\" colspan=\"5\" height=\"21\">*Programa Escuela de Nataci\u00f3n Adulto y Entrnamiento (los que NO tienen simbolo * son solo horarios de entrenamiento).<\/td>\n<\/tr>\n<tr>\n<td class=\"xl91\" colspan=\"2\" height=\"23\">Clase de Prueba $15.000.-<\/td>\n<td class=\"xl92\"><\/td>\n<td class=\"xl92\"><\/td>\n<td class=\"xl92\"><\/td>\n<\/tr>\n<\/tbody>\n<\/table>\n","protected":false},"excerpt":{"rendered":"<p>LUGAR PISCINA DIAS HORARIOS \u00a0ADMISI\u00d3N 2025 ***CLUB SUIZO Dubl\u00e9 Almeyda 2191, Metro \u00d1u\u00f1oa L3-L6 Piscina 25m Temperada, Descubierta en Verano, Domo Invierno. Lu &#8211; Mi &#8211; VI\u00a0 (AM) . 7:00 A 8:00 $28.000 Lu &#8211; Mi\u00a0 (PM) *\u00a0\u00a0\u00a0\u00a0\u00a0 \u00a0\u00a0\u00a0\u00a0\u00a0\u00a0\u00a0\u00a0\u00a0\u00a0\u00a0\u00a0\u00a0\u00a0\u00a0\u00a0\u00a0\u00a0\u00a0\u00a0\u00a0\u00a0\u00a0\u00a0\u00a0\u00a0\u00a0\u00a0\u00a0\u00a0\u00a0\u00a0\u00a0\u00a0\u00a0\u00a0\u00a0\u00a0\u00a0\u00a0\u00a0\u00a0\u00a0\u00a0\u00a0\u00a0\u00a0\u00a0\u00a0\u00a0\u00a0\u00a0\u00a0\u00a0\u00a0\u00a0\u00a0\u00a0\u00a0\u00a0\u00a0\u00a0\u00a0\u00a0\u00a0\u00a0\u00a0\u00a0\u00a0\u00a0\u00a0\u00a0\u00a0\u00a0\u00a0\u00a0\u00a0\u00a0\u00a0\u00a0\u00a0\u00a0\u00a0\u00a0\u00a0\u00a0\u00a0\u00a0\u00a0\u00a0\u00a0\u00a0\u00a0\u00a0\u00a0\u00a0\u00a0\u00a0\u00a0\u00a0\u00a0\u00a0\u00a0\u00a0\u00a0\u00a0\u00a0\u00a0\u00a0\u00a0\u00a0\u00a0\u00a0\u00a0\u00a0\u00a0\u00a0\u00a0\u00a0\u00a0\u00a0\u00a0\u00a0\u00a0\u00a0\u00a0\u00a0\u00a0\u00a0\u00a0\u00a0\u00a0\u00a0\u00a0\u00a0\u00a0\u00a0\u00a0\u00a0\u00a0\u00a0\u00a0\u00a0\u00a0\u00a0\u00a0\u00a0\u00a0\u00a0\u00a0\u00a0\u00a0\u00a0\u00a0\u00a0\u00a0\u00a0\u00a0\u00a0\u00a0\u00a0\u00a0\u00a0\u00a0\u00a0\u00a0\u00a0\u00a0\u00a0\u00a0\u00a0\u00a0\u00a0\u00a0\u00a0\u00a0\u00a0\u00a0\u00a0\u00a0\u00a0\u00a0\u00a0\u00a0\u00a0\u00a0\u00a0\u00a0\u00a0\u00a0\u00a0\u00a0\u00a0\u00a0\u00a0\u00a0\u00a0\u00a0\u00a0\u00a0\u00a0\u00a0\u00a0\u00a0\u00a0\u00a0\u00a0\u00a0\u00a0\u00a0\u00a0\u00a0\u00a0\u00a0\u00a0\u00a0\u00a0\u00a0\u00a0\u00a0\u00a0\u00a0\u00a0\u00a0\u00a0\u00a0\u00a0\u00a0\u00a0\u00a0\u00a0\u00a0\u00a0\u00a0\u00a0\u00a0\u00a0\u00a0\u00a0\u00a0\u00a0\u00a0\u00a0\u00a0\u00a0\u00a0\u00a0\u00a0\u00a0\u00a0\u00a0\u00a0\u00a0\u00a0\u00a0\u00a0\u00a0\u00a0\u00a0\u00a0\u00a0\u00a0\u00a0\u00a0\u00a0\u00a0\u00a0\u00a0\u00a0\u00a0\u00a0\u00a0\u00a0\u00a0\u00a0\u00a0\u00a0\u00a0\u00a0\u00a0\u00a0\u00a0\u00a0\u00a0\u00a0\u00a0\u00a0\u00a0\u00a0\u00a0\u00a0\u00a0\u00a0\u00a0\u00a0\u00a0\u00a0\u00a0\u00a0\u00a0\u00a0\u00a0\u00a0\u00a0\u00a0\u00a0\u00a0\u00a0\u00a0\u00a0\u00a0\u00a0\u00a0\u00a0\u00a0\u00a0\u00a0\u00a0\u00a0\u00a0\u00a0\u00a0\u00a0\u00a0\u00a0\u00a0\u00a0\u00a0\u00a0\u00a0\u00a0\u00a0\u00a0\u00a0\u00a0\u00a0\u00a0\u00a0\u00a0 \u00a0\u00a0\u00a0 20:00 A 21:00 VI (PM).* \u00a0\u00a0\u00a0 19:00 A 20:00 Inicio Enero 2025. ESTADIO NACIONAL, Av. [&hellip;]<\/p>\n","protected":false},"featured_media":1099,"comment_status":"open","ping_status":"closed","template":"","meta":[],"product_cat":[30],"product_tag":[],"_links":{"self":[{"href":"https:\/\/nicesport.cl\/tienda\/index.php\/wp-json\/wp\/v2\/product\/1204"}],"collection":[{"href":"https:\/\/nicesport.cl\/tienda\/index.php\/wp-json\/wp\/v2\/product"}],"about":[{"href":"https:\/\/nicesport.cl\/tienda\/index.php\/wp-json\/wp\/v2\/types\/product"}],"replies":[{"embeddable":true,"href":"https:\/\/nicesport.cl\/tienda\/index.php\/wp-json\/wp\/v2\/comments?post=1204"}],"wp:featuredmedia":[{"embeddable":true,"href":"https:\/\/nicesport.cl\/tienda\/index.php\/wp-json\/wp\/v2\/media\/1099"}],"wp:attachment":[{"href":"https:\/\/nicesport.cl\/tienda\/index.php\/wp-json\/wp\/v2\/media?parent=1204"}],"wp:term":[{"taxonomy":"product_cat","embeddable":true,"href":"https:\/\/nicesport.cl\/tienda\/index.php\/wp-json\/wp\/v2\/product_cat?post=1204"},{"taxonomy":"product_tag","embeddable":true,"href":"https:\/\/nicesport.cl\/tienda\/index.php\/wp-json\/wp\/v2\/product_tag?post=1204"}],"curies":[{"name":"wp","href":"https:\/\/api.w.org\/{rel}","templated":true}]}}