{"id":27,"date":"2019-07-25T18:30:44","date_gmt":"2019-07-25T18:30:44","guid":{"rendered":"http:\/\/nicesport.cl\/tienda\/?page_id=27"},"modified":"2019-08-06T20:28:25","modified_gmt":"2019-08-06T20:28:25","slug":"homepage","status":"publish","type":"page","link":"https:\/\/nicesport.cl\/tienda\/","title":{"rendered":"Home"},"content":{"rendered":"\n<div class=\"wp-block-cover alignfull\" style=\"background-image:url(http:\/\/nicesport.cl\/tienda\/wp-content\/uploads\/2019\/07\/marcelo.jpg);background-color:#ffffff;background-position:50% 50%\"><div class=\"wp-block-cover__inner-container is-layout-flow wp-block-cover-is-layout-flow\">\n<p><\/p>\n<\/div><\/div>\n\n\n\n<h2 class=\"wp-block-heading\" style=\"text-align:center\">Seleccione un Categor\u00eda<\/h2>\n\n\n<div class=\"woocommerce columns-4\"><ul class=\"products columns-4\">\n<li class=\"product-category product first\">\n\t<a aria-label=\"Visitar la categor\u00eda de producto Plan Entrenamiento Funcional 2023.\" href=\"https:\/\/nicesport.cl\/tienda\/index.php\/product-category\/entrenamientofuncional\/\"><img loading=\"lazy\" decoding=\"async\" src=\"https:\/\/nicesport.cl\/tienda\/wp-content\/uploads\/2022\/12\/fuerza.jpeg\" alt=\"Plan Entrenamiento Funcional 2023.\" width=\"324\" height=\"324\" \/>\t\t<h2 class=\"woocommerce-loop-category__title\">\n\t\t\tPlan Entrenamiento Funcional 2023. <mark class=\"count\">(4)<\/mark>\t\t<\/h2>\n\t\t<\/a><\/li>\n<li class=\"product-category product\">\n\t<a aria-label=\"Visitar la categor\u00eda de producto Plan Triatl\u00f3n sin piscina 2026\" href=\"https:\/\/nicesport.cl\/tienda\/index.php\/product-category\/triatlon\/\"><img loading=\"lazy\" decoding=\"async\" src=\"https:\/\/nicesport.cl\/tienda\/wp-content\/uploads\/2022\/05\/plan-triatl\u00f3n-324x324.jpg\" alt=\"Plan Triatl\u00f3n sin piscina 2026\" width=\"324\" height=\"324\" srcset=\"https:\/\/nicesport.cl\/tienda\/wp-content\/uploads\/2022\/05\/plan-triatl\u00f3n-324x324.jpg 324w, https:\/\/nicesport.cl\/tienda\/wp-content\/uploads\/2022\/05\/plan-triatl\u00f3n-150x150.jpg 150w, https:\/\/nicesport.cl\/tienda\/wp-content\/uploads\/2022\/05\/plan-triatl\u00f3n-300x300.jpg 300w, https:\/\/nicesport.cl\/tienda\/wp-content\/uploads\/2022\/05\/plan-triatl\u00f3n-768x768.jpg 768w, https:\/\/nicesport.cl\/tienda\/wp-content\/uploads\/2022\/05\/plan-triatl\u00f3n-1024x1024.jpg 1024w, https:\/\/nicesport.cl\/tienda\/wp-content\/uploads\/2022\/05\/plan-triatl\u00f3n-416x416.jpg 416w, https:\/\/nicesport.cl\/tienda\/wp-content\/uploads\/2022\/05\/plan-triatl\u00f3n-100x100.jpg 100w, https:\/\/nicesport.cl\/tienda\/wp-content\/uploads\/2022\/05\/plan-triatl\u00f3n.jpg 1080w\" sizes=\"(max-width: 324px) 100vw, 324px\" \/>\t\t<h2 class=\"woocommerce-loop-category__title\">\n\t\t\tPlan Triatl\u00f3n sin piscina 2026 <mark class=\"count\">(6)<\/mark>\t\t<\/h2>\n\t\t<\/a><\/li>\n<li class=\"product-category product\">\n\t<a aria-label=\"Visitar la categor\u00eda de producto Planes de Ciclismo 2026\" href=\"https:\/\/nicesport.cl\/tienda\/index.php\/product-category\/plan-ciclismo-indoor\/\"><img loading=\"lazy\" decoding=\"async\" src=\"https:\/\/nicesport.cl\/tienda\/wp-content\/uploads\/2019\/08\/Entrenamiento-online-ciclismo-324x324.jpeg\" alt=\"Planes de Ciclismo 2026\" width=\"324\" height=\"324\" srcset=\"https:\/\/nicesport.cl\/tienda\/wp-content\/uploads\/2019\/08\/Entrenamiento-online-ciclismo-324x324.jpeg 324w, https:\/\/nicesport.cl\/tienda\/wp-content\/uploads\/2019\/08\/Entrenamiento-online-ciclismo-150x150.jpeg 150w, https:\/\/nicesport.cl\/tienda\/wp-content\/uploads\/2019\/08\/Entrenamiento-online-ciclismo-300x300.jpeg 300w, https:\/\/nicesport.cl\/tienda\/wp-content\/uploads\/2019\/08\/Entrenamiento-online-ciclismo-416x416.jpeg 416w, https:\/\/nicesport.cl\/tienda\/wp-content\/uploads\/2019\/08\/Entrenamiento-online-ciclismo-100x100.jpeg 100w, https:\/\/nicesport.cl\/tienda\/wp-content\/uploads\/2019\/08\/Entrenamiento-online-ciclismo.jpeg 720w\" sizes=\"(max-width: 324px) 100vw, 324px\" \/>\t\t<h2 class=\"woocommerce-loop-category__title\">\n\t\t\tPlanes de Ciclismo 2026 <mark class=\"count\">(7)<\/mark>\t\t<\/h2>\n\t\t<\/a><\/li>\n<li class=\"product-category product last\">\n\t<a aria-label=\"Visitar la categor\u00eda de producto Planes de Nataci\u00f3n 2025\" href=\"https:\/\/nicesport.cl\/tienda\/index.php\/product-category\/plan-natacion\/\"><img loading=\"lazy\" decoding=\"async\" src=\"https:\/\/nicesport.cl\/tienda\/wp-content\/uploads\/2019\/08\/Unknown-9-324x324.jpeg\" alt=\"Planes de Nataci\u00f3n 2025\" width=\"324\" height=\"324\" srcset=\"https:\/\/nicesport.cl\/tienda\/wp-content\/uploads\/2019\/08\/Unknown-9-324x324.jpeg 324w, https:\/\/nicesport.cl\/tienda\/wp-content\/uploads\/2019\/08\/Unknown-9-150x150.jpeg 150w, https:\/\/nicesport.cl\/tienda\/wp-content\/uploads\/2019\/08\/Unknown-9-100x100.jpeg 100w\" sizes=\"(max-width: 324px) 100vw, 324px\" \/>\t\t<h2 class=\"woocommerce-loop-category__title\">\n\t\t\tPlanes de Nataci\u00f3n 2025 <mark class=\"count\">(20)<\/mark>\t\t<\/h2>\n\t\t<\/a><\/li>\n<li class=\"product-category product first\">\n\t<a aria-label=\"Visitar la categor\u00eda de producto Planes de Triatl\u00f3n con Nataci\u00f3n Presencial 2026\" href=\"https:\/\/nicesport.cl\/tienda\/index.php\/product-category\/plantriatlonconnatacionincluida\/\"><img loading=\"lazy\" decoding=\"async\" src=\"https:\/\/nicesport.cl\/tienda\/wp-content\/uploads\/2022\/12\/NICESPORTNS-324x324.png\" alt=\"Planes de Triatl\u00f3n con Nataci\u00f3n Presencial 2026\" width=\"324\" height=\"324\" srcset=\"https:\/\/nicesport.cl\/tienda\/wp-content\/uploads\/2022\/12\/NICESPORTNS-324x324.png 324w, https:\/\/nicesport.cl\/tienda\/wp-content\/uploads\/2022\/12\/NICESPORTNS-150x150.png 150w, https:\/\/nicesport.cl\/tienda\/wp-content\/uploads\/2022\/12\/NICESPORTNS-100x100.png 100w\" sizes=\"(max-width: 324px) 100vw, 324px\" \/>\t\t<h2 class=\"woocommerce-loop-category__title\">\n\t\t\tPlanes de Triatl\u00f3n con Nataci\u00f3n Presencial 2026 <mark class=\"count\">(13)<\/mark>\t\t<\/h2>\n\t\t<\/a><\/li>\n<li class=\"product-category product\">\n\t<a aria-label=\"Visitar la categor\u00eda de producto Planes Runners 2026\" href=\"https:\/\/nicesport.cl\/tienda\/index.php\/product-category\/runner\/\"><img loading=\"lazy\" decoding=\"async\" src=\"https:\/\/nicesport.cl\/tienda\/wp-content\/uploads\/2021\/06\/WhatsApp-Image-2021-06-18-at-17.24.35-324x324.jpeg\" alt=\"Planes Runners 2026\" width=\"324\" height=\"324\" srcset=\"https:\/\/nicesport.cl\/tienda\/wp-content\/uploads\/2021\/06\/WhatsApp-Image-2021-06-18-at-17.24.35-324x324.jpeg 324w, https:\/\/nicesport.cl\/tienda\/wp-content\/uploads\/2021\/06\/WhatsApp-Image-2021-06-18-at-17.24.35-150x150.jpeg 150w, https:\/\/nicesport.cl\/tienda\/wp-content\/uploads\/2021\/06\/WhatsApp-Image-2021-06-18-at-17.24.35-300x300.jpeg 300w, https:\/\/nicesport.cl\/tienda\/wp-content\/uploads\/2021\/06\/WhatsApp-Image-2021-06-18-at-17.24.35-768x768.jpeg 768w, https:\/\/nicesport.cl\/tienda\/wp-content\/uploads\/2021\/06\/WhatsApp-Image-2021-06-18-at-17.24.35-1024x1024.jpeg 1024w, https:\/\/nicesport.cl\/tienda\/wp-content\/uploads\/2021\/06\/WhatsApp-Image-2021-06-18-at-17.24.35-416x416.jpeg 416w, https:\/\/nicesport.cl\/tienda\/wp-content\/uploads\/2021\/06\/WhatsApp-Image-2021-06-18-at-17.24.35-100x100.jpeg 100w, https:\/\/nicesport.cl\/tienda\/wp-content\/uploads\/2021\/06\/WhatsApp-Image-2021-06-18-at-17.24.35.jpeg 1079w\" sizes=\"(max-width: 324px) 100vw, 324px\" \/>\t\t<h2 class=\"woocommerce-loop-category__title\">\n\t\t\tPlanes Runners 2026 <mark class=\"count\">(7)<\/mark>\t\t<\/h2>\n\t\t<\/a><\/li>\n<\/ul>\n<\/div>\n","protected":false},"excerpt":{"rendered":"<p>Seleccione un Categor\u00eda<\/p>\n","protected":false},"author":2,"featured_media":0,"parent":0,"menu_order":0,"comment_status":"closed","ping_status":"closed","template":"template-fullwidth.php","meta":{"footnotes":""},"_links":{"self":[{"href":"https:\/\/nicesport.cl\/tienda\/index.php\/wp-json\/wp\/v2\/pages\/27"}],"collection":[{"href":"https:\/\/nicesport.cl\/tienda\/index.php\/wp-json\/wp\/v2\/pages"}],"about":[{"href":"https:\/\/nicesport.cl\/tienda\/index.php\/wp-json\/wp\/v2\/types\/page"}],"author":[{"embeddable":true,"href":"https:\/\/nicesport.cl\/tienda\/index.php\/wp-json\/wp\/v2\/users\/2"}],"replies":[{"embeddable":true,"href":"https:\/\/nicesport.cl\/tienda\/index.php\/wp-json\/wp\/v2\/comments?post=27"}],"version-history":[{"count":20,"href":"https:\/\/nicesport.cl\/tienda\/index.php\/wp-json\/wp\/v2\/pages\/27\/revisions"}],"predecessor-version":[{"id":412,"href":"https:\/\/nicesport.cl\/tienda\/index.php\/wp-json\/wp\/v2\/pages\/27\/revisions\/412"}],"wp:attachment":[{"href":"https:\/\/nicesport.cl\/tienda\/index.php\/wp-json\/wp\/v2\/media?parent=27"}],"curies":[{"name":"wp","href":"https:\/\/api.w.org\/{rel}","templated":true}]}}